{"id":15,"date":"2024-12-13T14:29:57","date_gmt":"2024-12-13T13:29:57","guid":{"rendered":"https:\/\/www.cykloshop.cz\/?page_id=15"},"modified":"2025-12-04T10:20:01","modified_gmt":"2025-12-04T09:20:01","slug":"cykloshop-cz","status":"publish","type":"page","link":"https:\/\/www.cykloshop.cz\/","title":{"rendered":"Cykloshop.cz"},"content":{"rendered":"<section class=\"bde-section-15-100 bde-section\">\n              \n  \n  \n\t\n\n  <div class=\"section-background-overlay\"><\/div>\n\n\n<div class=\"section-container\"><div class=\"bde-columns-15-104 bde-columns\"><div class=\"bde-column-15-105 bde-column\">\n  \n  \n\t\n\n\n\n<h1 class=\"bde-heading-15-101 bde-heading\">\nDom\u00e9na na prodej\n<\/h1><h1 class=\"bde-heading-15-109 bde-heading\">\n250 000 CZK\n<\/h1><h1 class=\"bde-heading-15-118 bde-heading\">\nbez DPH\n<\/h1><div class=\"bde-div-15-107 bde-div\">\n  \n  \n\t\n\n\n\n<div class=\"bde-text-15-108 bde-text\">\nInformace o dom\u00e9n\u011b a podm\u00ednky prodeje\n<\/div><div class=\"bde-text-15-114 bde-text\">\nCykloshop.cz byl prvn\u00ed e-shop s j\u00edzdn\u00edmi koly v \u010cR a na Slovensku! Tato nejstar\u0161\u00ed a dle na\u0161eho n\u00e1zoru st\u00e1le je\u0161t\u011b i nejlep\u0161\u00ed cyklo dom\u00e9na s histori\u00ed od roku 1998 je na prodej nebo pron\u00e1jem. Uveden\u00e1 cena bez DPH.<br><br>Preferujeme prodej, nebo pron\u00e1jem spole\u010dn\u011b i s dom\u00e9nou <a href=\"https:\/\/cykloshop.com\/\" target=\"_blank\">www.cykloshop.com<\/a> a pouze subjektu, kter\u00fd m\u00e1 prokazatelnou historii v oblasti IT, cyklistiky, fitness, sportu, nebo cestovn\u00edho ruchu. Nem\u00e1me z\u00e1jem o subjekty, kter\u00e9 s dom\u00e9nami jen obchoduj\u00ed a p\u0159eprod\u00e1vaj\u00ed je. Podrobn\u011bj\u0161\u00ed podm\u00ednky zde:  <a href=\"https:\/\/cykloshop.com\/podminky-pro-prodej\/\" target=\"_blank\">https:\/\/cykloshop.com\/podminky-pro-prodej\/<\/a><br><br>Jsme ji\u017e v d\u016fchodu a tak na prodej, nebo pron\u00e1jem i dal\u0161\u00ed na\u0161e cyklo + fitness + cestovn\u00ed dom\u00e9ny:  <a href=\"https:\/\/cykloshop.com\/domeny-na-prodej\/\" target=\"_blank\">https:\/\/cykloshop.com\/domeny-na-prodej\/<\/a>, nebo ochrann\u00e9 zn\u00e1mky: <a href=\"https:\/\/cykloshop.com\/ochranne-znamky-na-prodej\/\" target=\"_blank\">https:\/\/cykloshop.com\/ochranne-znamky-na-prodej\/<\/a>\n<\/div>\n<\/div><div class=\"bde-div-15-120 bde-div\">\n  \n  \n\t\n\n\n\n<div class=\"bde-text-15-121 bde-text\">\nM\u00e1te z\u00e1jem?\n<\/div><div class=\"bde-icon-box-15-123 bde-icon-box\">\n\n    \n            <div class=\"ee-iconbox-icon breakdance-icon-atom\" >\n    \n                    <svg xmlns=\"http:\/\/www.w3.org\/2000\/svg\" viewBox=\"0 0 512 512\"><!--! Font Awesome Free 6.5.1 by @fontawesome - https:\/\/fontawesome.com License - https:\/\/fontawesome.com\/license\/free (Icons: CC BY 4.0, Fonts: SIL OFL 1.1, Code: MIT License) Copyright 2023 Fonticons, Inc. --><path d=\"M64 112c-8.8 0-16 7.2-16 16v22.1L220.5 291.7c20.7 17 50.4 17 71.1 0L464 150.1V128c0-8.8-7.2-16-16-16H64zM48 212.2V384c0 8.8 7.2 16 16 16H448c8.8 0 16-7.2 16-16V212.2L322 328.8c-38.4 31.5-93.7 31.5-132 0L48 212.2zM0 128C0 92.7 28.7 64 64 64H448c35.3 0 64 28.7 64 64V384c0 35.3-28.7 64-64 64H64c-35.3 0-64-28.7-64-64V128z\"\/><\/svg>\n        \n        \n        \n            <\/div>\n    \n\n<div class=\"ee-iconbox-content\">\n      <p class=\"ee-iconbox-title bde-h3\" ><a href=\"mailto:info@cyklo.eu\">info@cyklo.eu<\/a><\/p>\n      <\/div>\n\n<\/div>\n<\/div>\n<\/div><div class=\"bde-column-15-106 bde-column\">\n  \n  \n\t\n\n\n\n<h1 class=\"bde-heading-15-116 bde-heading\">\nDomain for sale\n<\/h1><h1 class=\"bde-heading-15-117 bde-heading\">\n10 500 USD\n<\/h1><h1 class=\"bde-heading-15-119 bde-heading\">\nwithout VAT\n<\/h1><div class=\"bde-div-15-111 bde-div\">\n  \n  \n\t\n\n\n\n<div class=\"bde-text-15-113 bde-text\">\nDomain Information and Terms of Sale\n<\/div><div class=\"bde-text-15-115 bde-text\">\nCykloshop.cz was the first e-shop with bicycles in the Czech Republic and Slovakia! This oldest and in our opinion still the best cycling domain with a history since 1998 is for sale or rent. The price is without VAT.<br><br>We prefer to sell or lease together with the domain <a href=\"https:\/\/cykloshop.com\/\" target=\"_blank\">www.cykloshop.com<\/a> and only to an entity that has a proven history in IT, cycling, fitness, sports or tourism. We are not interested in entities that only trade and resell domains. More detailed terms and conditions here:  <a href=\"https:\/\/cykloshop.com\/en\/conditions-for-sale\/\" target=\"_blank\">https:\/\/cykloshop.com\/en\/conditions-for-sale\/<\/a><br><br>We are now retired and so for sale or lease our other cycling + fitness + travel domains: <a href=\"https:\/\/cykloshop.com\/en\/domains-for-sale\/\" target=\"_blank\">https:\/\/cykloshop.com\/en\/domains-for-sale\/<\/a>, or trademarks: <a href=\"https:\/\/cykloshop.com\/en\/trademarks-for-sale\/\" target=\"_blank\">https:\/\/cykloshop.com\/en\/trademarks-for-sale\/<\/a>\n<\/div>\n<\/div><div class=\"bde-div-15-124 bde-div\">\n  \n  \n\t\n\n\n\n<div class=\"bde-text-15-125 bde-text\">\nAre you interested?\n<\/div><div class=\"bde-icon-box-15-126 bde-icon-box\">\n\n    \n            <div class=\"ee-iconbox-icon breakdance-icon-atom\" >\n    \n                    <svg xmlns=\"http:\/\/www.w3.org\/2000\/svg\" viewBox=\"0 0 512 512\"><!--! Font Awesome Free 6.5.1 by @fontawesome - https:\/\/fontawesome.com License - https:\/\/fontawesome.com\/license\/free (Icons: CC BY 4.0, Fonts: SIL OFL 1.1, Code: MIT License) Copyright 2023 Fonticons, Inc. --><path d=\"M64 112c-8.8 0-16 7.2-16 16v22.1L220.5 291.7c20.7 17 50.4 17 71.1 0L464 150.1V128c0-8.8-7.2-16-16-16H64zM48 212.2V384c0 8.8 7.2 16 16 16H448c8.8 0 16-7.2 16-16V212.2L322 328.8c-38.4 31.5-93.7 31.5-132 0L48 212.2zM0 128C0 92.7 28.7 64 64 64H448c35.3 0 64 28.7 64 64V384c0 35.3-28.7 64-64 64H64c-35.3 0-64-28.7-64-64V128z\"\/><\/svg>\n        \n        \n        \n            <\/div>\n    \n\n<div class=\"ee-iconbox-content\">\n      <p class=\"ee-iconbox-title bde-h3\" ><a href=\"mailto:info@cyklo.eu\">info@cyklo.eu<\/a><\/p>\n      <\/div>\n\n<\/div>\n<\/div>\n<\/div><\/div><\/div>\n<\/section>","protected":false},"excerpt":{"rendered":"<p>Dom\u00e9na na prodej 250 000 CZK bez DPH Informace o dom\u00e9n\u011b a podm\u00ednky prodeje Cykloshop.cz byl prvn\u00ed e-shop s j\u00edzdn\u00edmi koly v \u010cR a na Slovensku! Tato nejstar\u0161\u00ed a dle na\u0161eho n\u00e1zoru st\u00e1le je\u0161t\u011b i nejlep\u0161\u00ed cyklo dom\u00e9na s histori\u00ed od roku 1998 je na prodej nebo pron\u00e1jem. Uveden\u00e1 cena bez DPH.Preferujeme prodej, nebo pron\u00e1jem [&hellip;]<\/p>\n","protected":false},"author":1,"featured_media":0,"parent":0,"menu_order":0,"comment_status":"closed","ping_status":"closed","template":"","meta":{"_breakdance_hide_in_design_set":false,"_breakdance_tags":"","footnotes":""},"class_list":["post-15","page","type-page","status-publish","hentry"],"_links":{"self":[{"href":"https:\/\/www.cykloshop.cz\/index.php?rest_route=\/wp\/v2\/pages\/15","targetHints":{"allow":["GET"]}}],"collection":[{"href":"https:\/\/www.cykloshop.cz\/index.php?rest_route=\/wp\/v2\/pages"}],"about":[{"href":"https:\/\/www.cykloshop.cz\/index.php?rest_route=\/wp\/v2\/types\/page"}],"author":[{"embeddable":true,"href":"https:\/\/www.cykloshop.cz\/index.php?rest_route=\/wp\/v2\/users\/1"}],"replies":[{"embeddable":true,"href":"https:\/\/www.cykloshop.cz\/index.php?rest_route=%2Fwp%2Fv2%2Fcomments&post=15"}],"version-history":[{"count":37,"href":"https:\/\/www.cykloshop.cz\/index.php?rest_route=\/wp\/v2\/pages\/15\/revisions"}],"predecessor-version":[{"id":72,"href":"https:\/\/www.cykloshop.cz\/index.php?rest_route=\/wp\/v2\/pages\/15\/revisions\/72"}],"wp:attachment":[{"href":"https:\/\/www.cykloshop.cz\/index.php?rest_route=%2Fwp%2Fv2%2Fmedia&parent=15"}],"curies":[{"name":"wp","href":"https:\/\/api.w.org\/{rel}","templated":true}]}}